{"id":2918,"date":"2025-08-08T13:11:13","date_gmt":"2025-08-08T10:11:13","guid":{"rendered":"https:\/\/www.folyoterm.com.tr\/product\/ft-108-150\/"},"modified":"2025-08-10T22:47:04","modified_gmt":"2025-08-10T19:47:04","slug":"ft-108-150","status":"publish","type":"product","link":"https:\/\/www.folyoterm.com.tr\/en\/product\/ft-108-150\/","title":{"rendered":"FT 108 150"},"content":{"rendered":"","protected":false},"excerpt":{"rendered":"<table>\n<tbody>\n<tr>\n<td>Dimensions:<\/td>\n<td>87 \/ 197 \/ 20 mm<\/td>\n<\/tr>\n<tr>\n<td>Volume:<\/td>\n<td>150 ml<\/td>\n<\/tr>\n<tr>\n<td>Raw Material:<\/td>\n<td>PET<\/td>\n<\/tr>\n<tr>\n<td>Koli \u00d6l\u00e7\u00fcs\u00fc:&lt;\/td<\/td>\n<td>600 x 460 x 460 mm<\/td>\n<\/tr>\n<tr>\n<td>Quantity per Carton:<\/td>\n<td>500<\/td>\n<\/tr>\n<\/tbody>\n<\/table>","protected":false},"featured_media":3118,"template":"","meta":[],"product_brand":[],"product_cat":[79],"product_tag":[],"class_list":{"0":"post-2918","1":"product","2":"type-product","3":"status-publish","4":"has-post-thumbnail","6":"product_cat-sizdirmaz-tasima-kaplari","8":"first","9":"instock","10":"shipping-taxable","11":"product-type-simple"},"_links":{"self":[{"href":"https:\/\/www.folyoterm.com.tr\/en\/wp-json\/wp\/v2\/product\/2918","targetHints":{"allow":["GET"]}}],"collection":[{"href":"https:\/\/www.folyoterm.com.tr\/en\/wp-json\/wp\/v2\/product"}],"about":[{"href":"https:\/\/www.folyoterm.com.tr\/en\/wp-json\/wp\/v2\/types\/product"}],"wp:featuredmedia":[{"embeddable":true,"href":"https:\/\/www.folyoterm.com.tr\/en\/wp-json\/wp\/v2\/media\/3118"}],"wp:attachment":[{"href":"https:\/\/www.folyoterm.com.tr\/en\/wp-json\/wp\/v2\/media?parent=2918"}],"wp:term":[{"taxonomy":"product_brand","embeddable":true,"href":"https:\/\/www.folyoterm.com.tr\/en\/wp-json\/wp\/v2\/product_brand?post=2918"},{"taxonomy":"product_cat","embeddable":true,"href":"https:\/\/www.folyoterm.com.tr\/en\/wp-json\/wp\/v2\/product_cat?post=2918"},{"taxonomy":"product_tag","embeddable":true,"href":"https:\/\/www.folyoterm.com.tr\/en\/wp-json\/wp\/v2\/product_tag?post=2918"}],"curies":[{"name":"wp","href":"https:\/\/api.w.org\/{rel}","templated":true}]}}