{"id":2680,"date":"2025-08-08T02:10:49","date_gmt":"2025-08-07T23:10:49","guid":{"rendered":"https:\/\/www.folyoterm.com.tr\/?page_id=2680"},"modified":"2025-08-14T02:18:33","modified_gmt":"2025-08-13T23:18:33","slug":"urunler","status":"publish","type":"page","link":"https:\/\/www.folyoterm.com.tr\/en\/urunler\/","title":{"rendered":"Products"},"content":{"rendered":"<div class=\"wpb-content-wrapper\"><div data-vc-full-width=\"true\" data-vc-full-width-init=\"false\" class=\"vc_row wpb_row vc_row-fluid background-image-left vc_custom_1466001507790\"><div class=\"home-icon wpb_column vc_column_container vc_col-md-2\"><div class=\"vc_column-inner\"><div class=\"wpb_wrapper\"><div class='icon icon-center'><div class='icon-header'><div class='icon-media' style='width: 100px;'><img fetchpriority=\"high\" decoding=\"async\" width=\"600\" height=\"600\" src=\"https:\/\/www.folyoterm.com.tr\/wp-content\/uploads\/2025\/08\/sizdirmaz.jpg\" class=\"attachment-full size-full\" alt=\"\" srcset=\"https:\/\/www.folyoterm.com.tr\/wp-content\/uploads\/2025\/08\/sizdirmaz.jpg 600w, https:\/\/www.folyoterm.com.tr\/wp-content\/uploads\/2025\/08\/sizdirmaz-300x300.jpg 300w, https:\/\/www.folyoterm.com.tr\/wp-content\/uploads\/2025\/08\/sizdirmaz-150x150.jpg 150w, https:\/\/www.folyoterm.com.tr\/wp-content\/uploads\/2025\/08\/sizdirmaz-12x12.jpg 12w, https:\/\/www.folyoterm.com.tr\/wp-content\/uploads\/2025\/08\/sizdirmaz-24x24.jpg 24w, https:\/\/www.folyoterm.com.tr\/wp-content\/uploads\/2025\/08\/sizdirmaz-36x36.jpg 36w, https:\/\/www.folyoterm.com.tr\/wp-content\/uploads\/2025\/08\/sizdirmaz-48x48.jpg 48w, https:\/\/www.folyoterm.com.tr\/wp-content\/uploads\/2025\/08\/sizdirmaz-100x100.jpg 100w\" sizes=\"(max-width: 600px) 100vw, 600px\" \/><\/i><\/div><h3 class='icon-title text-uppercase'>Leak-Proof and Cheese Containers<\/h3><\/div><p><\/p><a href='\/en\/product-category\/sizdirmaz-tasima-kaplari\/' target='_self' class='btn btn-md btn-minimal'>Read more<\/a><\/div><div class='icon icon-center'><div class='icon-header'><div class='icon-media' style='width: 100px;'><img decoding=\"async\" width=\"600\" height=\"600\" src=\"https:\/\/www.folyoterm.com.tr\/wp-content\/uploads\/2025\/08\/salata-kaplari-1.jpg\" class=\"attachment-full size-full\" alt=\"\" srcset=\"https:\/\/www.folyoterm.com.tr\/wp-content\/uploads\/2025\/08\/salata-kaplari-1.jpg 600w, https:\/\/www.folyoterm.com.tr\/wp-content\/uploads\/2025\/08\/salata-kaplari-1-300x300.jpg 300w, https:\/\/www.folyoterm.com.tr\/wp-content\/uploads\/2025\/08\/salata-kaplari-1-150x150.jpg 150w, https:\/\/www.folyoterm.com.tr\/wp-content\/uploads\/2025\/08\/salata-kaplari-1-12x12.jpg 12w, https:\/\/www.folyoterm.com.tr\/wp-content\/uploads\/2025\/08\/salata-kaplari-1-24x24.jpg 24w, https:\/\/www.folyoterm.com.tr\/wp-content\/uploads\/2025\/08\/salata-kaplari-1-36x36.jpg 36w, https:\/\/www.folyoterm.com.tr\/wp-content\/uploads\/2025\/08\/salata-kaplari-1-48x48.jpg 48w, https:\/\/www.folyoterm.com.tr\/wp-content\/uploads\/2025\/08\/salata-kaplari-1-100x100.jpg 100w\" sizes=\"(max-width: 600px) 100vw, 600px\" \/><\/i><\/div><h3 class='icon-title text-uppercase'>Salad and Service Containers<\/h3><\/div><p><\/p><a href='\/en\/product-category\/salata-kaplari\/' target='_self' class='btn btn-md btn-minimal'>Read more<\/a><\/div><\/div><\/div><\/div><div class=\"home-icon wpb_column vc_column_container vc_col-md-2\"><div class=\"vc_column-inner\"><div class=\"wpb_wrapper\"><div class='icon icon-center'><div class='icon-header'><div class='icon-media' style='width: 100px;'><img decoding=\"async\" width=\"600\" height=\"600\" src=\"https:\/\/www.folyoterm.com.tr\/wp-content\/uploads\/2025\/08\/dondurma-kabi.jpg\" class=\"attachment-full size-full\" alt=\"\" srcset=\"https:\/\/www.folyoterm.com.tr\/wp-content\/uploads\/2025\/08\/dondurma-kabi.jpg 600w, https:\/\/www.folyoterm.com.tr\/wp-content\/uploads\/2025\/08\/dondurma-kabi-300x300.jpg 300w, https:\/\/www.folyoterm.com.tr\/wp-content\/uploads\/2025\/08\/dondurma-kabi-150x150.jpg 150w, https:\/\/www.folyoterm.com.tr\/wp-content\/uploads\/2025\/08\/dondurma-kabi-12x12.jpg 12w, https:\/\/www.folyoterm.com.tr\/wp-content\/uploads\/2025\/08\/dondurma-kabi-24x24.jpg 24w, https:\/\/www.folyoterm.com.tr\/wp-content\/uploads\/2025\/08\/dondurma-kabi-36x36.jpg 36w, https:\/\/www.folyoterm.com.tr\/wp-content\/uploads\/2025\/08\/dondurma-kabi-48x48.jpg 48w, https:\/\/www.folyoterm.com.tr\/wp-content\/uploads\/2025\/08\/dondurma-kabi-100x100.jpg 100w\" sizes=\"(max-width: 600px) 100vw, 600px\" \/><\/i><\/div><h3 class='icon-title text-uppercase'>Ice Cream Containers<\/h3><\/div><p><\/p><a href='\/en\/product-category\/dondurma-kaplari\/' target='_self' class='btn btn-md btn-minimal'>Read more<\/a><\/div><div class='icon icon-center'><div class='icon-header'><div class='icon-media' style='width: 100px;'><img loading=\"lazy\" decoding=\"async\" width=\"600\" height=\"600\" src=\"https:\/\/www.folyoterm.com.tr\/wp-content\/uploads\/2025\/08\/meyve-kaplari-1.jpg\" class=\"attachment-full size-full\" alt=\"\" srcset=\"https:\/\/www.folyoterm.com.tr\/wp-content\/uploads\/2025\/08\/meyve-kaplari-1.jpg 600w, https:\/\/www.folyoterm.com.tr\/wp-content\/uploads\/2025\/08\/meyve-kaplari-1-300x300.jpg 300w, https:\/\/www.folyoterm.com.tr\/wp-content\/uploads\/2025\/08\/meyve-kaplari-1-150x150.jpg 150w, https:\/\/www.folyoterm.com.tr\/wp-content\/uploads\/2025\/08\/meyve-kaplari-1-12x12.jpg 12w, https:\/\/www.folyoterm.com.tr\/wp-content\/uploads\/2025\/08\/meyve-kaplari-1-24x24.jpg 24w, https:\/\/www.folyoterm.com.tr\/wp-content\/uploads\/2025\/08\/meyve-kaplari-1-36x36.jpg 36w, https:\/\/www.folyoterm.com.tr\/wp-content\/uploads\/2025\/08\/meyve-kaplari-1-48x48.jpg 48w, https:\/\/www.folyoterm.com.tr\/wp-content\/uploads\/2025\/08\/meyve-kaplari-1-100x100.jpg 100w\" sizes=\"(max-width: 600px) 100vw, 600px\" \/><\/i><\/div><h3 class='icon-title text-uppercase'>Fruit Punnets<\/h3><\/div><p><\/p><a href='\/en\/product-category\/meyve-kaplari\/' target='_self' class='btn btn-md btn-minimal'>Read more<\/a><\/div><\/div><\/div><\/div><div class=\"home-icon wpb_column vc_column_container vc_col-md-2\"><div class=\"vc_column-inner\"><div class=\"wpb_wrapper\"><div class='icon icon-center'><div class='icon-header'><div class='icon-media' style='width: 100px;'><img loading=\"lazy\" decoding=\"async\" width=\"600\" height=\"600\" src=\"https:\/\/www.folyoterm.com.tr\/wp-content\/uploads\/2025\/08\/bardak.jpg\" class=\"attachment-full size-full\" alt=\"\" srcset=\"https:\/\/www.folyoterm.com.tr\/wp-content\/uploads\/2025\/08\/bardak.jpg 600w, https:\/\/www.folyoterm.com.tr\/wp-content\/uploads\/2025\/08\/bardak-300x300.jpg 300w, https:\/\/www.folyoterm.com.tr\/wp-content\/uploads\/2025\/08\/bardak-150x150.jpg 150w, https:\/\/www.folyoterm.com.tr\/wp-content\/uploads\/2025\/08\/bardak-12x12.jpg 12w, https:\/\/www.folyoterm.com.tr\/wp-content\/uploads\/2025\/08\/bardak-24x24.jpg 24w, https:\/\/www.folyoterm.com.tr\/wp-content\/uploads\/2025\/08\/bardak-36x36.jpg 36w, https:\/\/www.folyoterm.com.tr\/wp-content\/uploads\/2025\/08\/bardak-48x48.jpg 48w, https:\/\/www.folyoterm.com.tr\/wp-content\/uploads\/2025\/08\/bardak-100x100.jpg 100w\" sizes=\"(max-width: 600px) 100vw, 600px\" \/><\/i><\/div><h3 class='icon-title text-uppercase'>Etiketli &amp; Sleevle Kaplar ve Bardaklar<\/h3><\/div><p><\/p><a href='\/en\/product-category\/etiketli-sleevle-kaplar-ve-bardaklar\/' target='_self' class='btn btn-md btn-minimal'>Read more<\/a><\/div><div class='icon icon-center'><div class='icon-header'><div class='icon-media' style='width: 100px;'><img loading=\"lazy\" decoding=\"async\" width=\"600\" height=\"600\" src=\"https:\/\/www.folyoterm.com.tr\/wp-content\/uploads\/2025\/08\/yumurta.jpg\" class=\"attachment-full size-full\" alt=\"\" srcset=\"https:\/\/www.folyoterm.com.tr\/wp-content\/uploads\/2025\/08\/yumurta.jpg 600w, https:\/\/www.folyoterm.com.tr\/wp-content\/uploads\/2025\/08\/yumurta-300x300.jpg 300w, https:\/\/www.folyoterm.com.tr\/wp-content\/uploads\/2025\/08\/yumurta-150x150.jpg 150w, https:\/\/www.folyoterm.com.tr\/wp-content\/uploads\/2025\/08\/yumurta-12x12.jpg 12w, https:\/\/www.folyoterm.com.tr\/wp-content\/uploads\/2025\/08\/yumurta-24x24.jpg 24w, https:\/\/www.folyoterm.com.tr\/wp-content\/uploads\/2025\/08\/yumurta-36x36.jpg 36w, https:\/\/www.folyoterm.com.tr\/wp-content\/uploads\/2025\/08\/yumurta-48x48.jpg 48w, https:\/\/www.folyoterm.com.tr\/wp-content\/uploads\/2025\/08\/yumurta-100x100.jpg 100w\" sizes=\"(max-width: 600px) 100vw, 600px\" \/><\/i><\/div><h3 class='icon-title text-uppercase'>Egg Trays<\/h3><\/div><p><\/p><a href='\/en\/product-category\/yumurta-viyolleri\/' target='_self' class='btn btn-md btn-minimal'>Read more<\/a><\/div><\/div><\/div><\/div><div class=\"home-icon wpb_column vc_column_container vc_col-md-2\"><div class=\"vc_column-inner\"><div class=\"wpb_wrapper\"><div class='icon icon-center'><div class='icon-header'><div class='icon-media' style='width: 100px;'><img loading=\"lazy\" decoding=\"async\" width=\"600\" height=\"600\" src=\"https:\/\/www.folyoterm.com.tr\/wp-content\/uploads\/2025\/08\/sos-kabi.jpg\" class=\"attachment-full size-full\" alt=\"\" srcset=\"https:\/\/www.folyoterm.com.tr\/wp-content\/uploads\/2025\/08\/sos-kabi.jpg 600w, https:\/\/www.folyoterm.com.tr\/wp-content\/uploads\/2025\/08\/sos-kabi-300x300.jpg 300w, https:\/\/www.folyoterm.com.tr\/wp-content\/uploads\/2025\/08\/sos-kabi-150x150.jpg 150w, https:\/\/www.folyoterm.com.tr\/wp-content\/uploads\/2025\/08\/sos-kabi-12x12.jpg 12w, https:\/\/www.folyoterm.com.tr\/wp-content\/uploads\/2025\/08\/sos-kabi-24x24.jpg 24w, https:\/\/www.folyoterm.com.tr\/wp-content\/uploads\/2025\/08\/sos-kabi-36x36.jpg 36w, https:\/\/www.folyoterm.com.tr\/wp-content\/uploads\/2025\/08\/sos-kabi-48x48.jpg 48w, https:\/\/www.folyoterm.com.tr\/wp-content\/uploads\/2025\/08\/sos-kabi-100x100.jpg 100w\" sizes=\"(max-width: 600px) 100vw, 600px\" \/><\/i><\/div><h3 class='icon-title text-uppercase'>Sauce Containers and Lids<\/h3><\/div><p><\/p><a href='\/en\/product-category\/sos-kap-ve-kapaklari\/' target='_self' class='btn btn-md btn-minimal'>Read more<\/a><\/div><div class='icon icon-center'><div class='icon-header'><div class='icon-media' style='width: 100px;'><img loading=\"lazy\" decoding=\"async\" width=\"600\" height=\"600\" src=\"https:\/\/www.folyoterm.com.tr\/wp-content\/uploads\/2025\/08\/kuruyemis.jpg\" class=\"attachment-full size-full\" alt=\"\" srcset=\"https:\/\/www.folyoterm.com.tr\/wp-content\/uploads\/2025\/08\/kuruyemis.jpg 600w, https:\/\/www.folyoterm.com.tr\/wp-content\/uploads\/2025\/08\/kuruyemis-300x300.jpg 300w, https:\/\/www.folyoterm.com.tr\/wp-content\/uploads\/2025\/08\/kuruyemis-150x150.jpg 150w, https:\/\/www.folyoterm.com.tr\/wp-content\/uploads\/2025\/08\/kuruyemis-12x12.jpg 12w, https:\/\/www.folyoterm.com.tr\/wp-content\/uploads\/2025\/08\/kuruyemis-24x24.jpg 24w, https:\/\/www.folyoterm.com.tr\/wp-content\/uploads\/2025\/08\/kuruyemis-36x36.jpg 36w, https:\/\/www.folyoterm.com.tr\/wp-content\/uploads\/2025\/08\/kuruyemis-48x48.jpg 48w, https:\/\/www.folyoterm.com.tr\/wp-content\/uploads\/2025\/08\/kuruyemis-100x100.jpg 100w\" sizes=\"(max-width: 600px) 100vw, 600px\" \/><\/i><\/div><h3 class='icon-title text-uppercase'>Dried Fruit and Nut Containers<\/h3><\/div><p><\/p><a href='\/en\/product-category\/kuruyemis-kaplari\/' target='_self' class='btn btn-md btn-minimal'>Read more<\/a><\/div><\/div><\/div><\/div><div class=\"home-icon wpb_column vc_column_container vc_col-md-2\"><div class=\"vc_column-inner\"><div class=\"wpb_wrapper\"><div class='icon icon-center'><div class='icon-header'><div class='icon-media' style='width: 100px;'><img loading=\"lazy\" decoding=\"async\" width=\"600\" height=\"600\" src=\"https:\/\/www.folyoterm.com.tr\/wp-content\/uploads\/2025\/08\/ust-folyo-yapistirmali-1.jpg\" class=\"attachment-full size-full\" alt=\"\" srcset=\"https:\/\/www.folyoterm.com.tr\/wp-content\/uploads\/2025\/08\/ust-folyo-yapistirmali-1.jpg 600w, https:\/\/www.folyoterm.com.tr\/wp-content\/uploads\/2025\/08\/ust-folyo-yapistirmali-1-300x300.jpg 300w, https:\/\/www.folyoterm.com.tr\/wp-content\/uploads\/2025\/08\/ust-folyo-yapistirmali-1-150x150.jpg 150w, https:\/\/www.folyoterm.com.tr\/wp-content\/uploads\/2025\/08\/ust-folyo-yapistirmali-1-12x12.jpg 12w, https:\/\/www.folyoterm.com.tr\/wp-content\/uploads\/2025\/08\/ust-folyo-yapistirmali-1-24x24.jpg 24w, https:\/\/www.folyoterm.com.tr\/wp-content\/uploads\/2025\/08\/ust-folyo-yapistirmali-1-36x36.jpg 36w, https:\/\/www.folyoterm.com.tr\/wp-content\/uploads\/2025\/08\/ust-folyo-yapistirmali-1-48x48.jpg 48w, https:\/\/www.folyoterm.com.tr\/wp-content\/uploads\/2025\/08\/ust-folyo-yapistirmali-1-100x100.jpg 100w\" sizes=\"(max-width: 600px) 100vw, 600px\" \/><\/i><\/div><h3 class='icon-title text-uppercase'>Sealable and Map Food Containers<\/h3><\/div><p><\/p><a href='\/en\/product-category\/ust-folyo-yapistirmali\/' target='_self' class='btn btn-md btn-minimal'>Read more<\/a><\/div><div class='icon icon-center'><div class='icon-header'><div class='icon-media' style='width: 100px;'><img loading=\"lazy\" decoding=\"async\" width=\"600\" height=\"600\" src=\"https:\/\/www.folyoterm.com.tr\/wp-content\/uploads\/2025\/08\/sutlu-tatli.jpg\" class=\"attachment-full size-full\" alt=\"\" srcset=\"https:\/\/www.folyoterm.com.tr\/wp-content\/uploads\/2025\/08\/sutlu-tatli.jpg 600w, https:\/\/www.folyoterm.com.tr\/wp-content\/uploads\/2025\/08\/sutlu-tatli-300x300.jpg 300w, https:\/\/www.folyoterm.com.tr\/wp-content\/uploads\/2025\/08\/sutlu-tatli-150x150.jpg 150w, https:\/\/www.folyoterm.com.tr\/wp-content\/uploads\/2025\/08\/sutlu-tatli-12x12.jpg 12w, https:\/\/www.folyoterm.com.tr\/wp-content\/uploads\/2025\/08\/sutlu-tatli-24x24.jpg 24w, https:\/\/www.folyoterm.com.tr\/wp-content\/uploads\/2025\/08\/sutlu-tatli-36x36.jpg 36w, https:\/\/www.folyoterm.com.tr\/wp-content\/uploads\/2025\/08\/sutlu-tatli-48x48.jpg 48w, https:\/\/www.folyoterm.com.tr\/wp-content\/uploads\/2025\/08\/sutlu-tatli-100x100.jpg 100w\" sizes=\"(max-width: 600px) 100vw, 600px\" \/><\/i><\/div><h3 class='icon-title text-uppercase'>Dessert Containers<\/h3><\/div><p><\/p><a href='\/en\/product-category\/sutlu-tatli-kaplari\/' target='_self' class='btn btn-md btn-minimal'>Read more<\/a><\/div><\/div><\/div><\/div><div class=\"home-icon wpb_column vc_column_container vc_col-md-2\"><div class=\"vc_column-inner\"><div class=\"wpb_wrapper\"><div class='icon icon-center'><div class='icon-header'><div class='icon-media' style='width: 100px;'><img loading=\"lazy\" decoding=\"async\" width=\"600\" height=\"600\" src=\"https:\/\/www.folyoterm.com.tr\/wp-content\/uploads\/2025\/08\/pasta-kaplari-1.jpg\" class=\"attachment-full size-full\" alt=\"\" srcset=\"https:\/\/www.folyoterm.com.tr\/wp-content\/uploads\/2025\/08\/pasta-kaplari-1.jpg 600w, https:\/\/www.folyoterm.com.tr\/wp-content\/uploads\/2025\/08\/pasta-kaplari-1-300x300.jpg 300w, https:\/\/www.folyoterm.com.tr\/wp-content\/uploads\/2025\/08\/pasta-kaplari-1-150x150.jpg 150w, https:\/\/www.folyoterm.com.tr\/wp-content\/uploads\/2025\/08\/pasta-kaplari-1-12x12.jpg 12w, https:\/\/www.folyoterm.com.tr\/wp-content\/uploads\/2025\/08\/pasta-kaplari-1-24x24.jpg 24w, https:\/\/www.folyoterm.com.tr\/wp-content\/uploads\/2025\/08\/pasta-kaplari-1-36x36.jpg 36w, https:\/\/www.folyoterm.com.tr\/wp-content\/uploads\/2025\/08\/pasta-kaplari-1-48x48.jpg 48w, https:\/\/www.folyoterm.com.tr\/wp-content\/uploads\/2025\/08\/pasta-kaplari-1-100x100.jpg 100w\" sizes=\"(max-width: 600px) 100vw, 600px\" \/><\/i><\/div><h3 class='icon-title text-uppercase'>Cake Containers<\/h3><\/div><p><\/p><a href='\/en\/product-category\/pasta-kaplari\/' target='_self' class='btn btn-md btn-minimal'>Read more<\/a><\/div><div class='icon icon-center'><div class='icon-header'><div class='icon-media' style='width: 100px;'><img loading=\"lazy\" decoding=\"async\" width=\"600\" height=\"600\" src=\"https:\/\/www.folyoterm.com.tr\/wp-content\/uploads\/2025\/08\/ozel-urunler.jpg\" class=\"attachment-full size-full\" alt=\"\" srcset=\"https:\/\/www.folyoterm.com.tr\/wp-content\/uploads\/2025\/08\/ozel-urunler.jpg 600w, https:\/\/www.folyoterm.com.tr\/wp-content\/uploads\/2025\/08\/ozel-urunler-300x300.jpg 300w, https:\/\/www.folyoterm.com.tr\/wp-content\/uploads\/2025\/08\/ozel-urunler-150x150.jpg 150w, https:\/\/www.folyoterm.com.tr\/wp-content\/uploads\/2025\/08\/ozel-urunler-12x12.jpg 12w, https:\/\/www.folyoterm.com.tr\/wp-content\/uploads\/2025\/08\/ozel-urunler-24x24.jpg 24w, https:\/\/www.folyoterm.com.tr\/wp-content\/uploads\/2025\/08\/ozel-urunler-36x36.jpg 36w, https:\/\/www.folyoterm.com.tr\/wp-content\/uploads\/2025\/08\/ozel-urunler-48x48.jpg 48w, https:\/\/www.folyoterm.com.tr\/wp-content\/uploads\/2025\/08\/ozel-urunler-100x100.jpg 100w\" sizes=\"(max-width: 600px) 100vw, 600px\" \/><\/i><\/div><h3 class='icon-title text-uppercase'>Bespoke Products<\/h3><\/div><p><\/p><a href='\/en\/product-category\/ozel-urunler-icin-kaplar\/' target='_self' class='btn btn-md btn-minimal'>Read more<\/a><\/div><\/div><\/div><\/div><\/div><div class=\"vc_row-full-width vc_clearfix\"><\/div><div class=\"vc_row wpb_row vc_row-fluid\"><div class=\"wpb_column vc_column_container vc_col-md-12\"><div class=\"vc_column-inner\"><div class=\"wpb_wrapper\"><\/div><\/div><\/div><\/div><div class=\"vc_row wpb_row vc_row-fluid\"><\/div><div class=\"wpb_column vc_column_container vc_col-md-4\"><div class=\"vc_column-inner\"><div class=\"wpb_wrapper\"><\/div><\/div><\/div>\n<\/div>","protected":false},"excerpt":{"rendered":"S\u0131zd\u0131rmaz Ta\u015f\u0131ma Kaplar\u0131Read moreSalata Kaplar\u0131Read moreDondurma Kaplar\u0131Read moreMeyve Kaplar\u0131Read moreEtiketli &amp; Sleevle Kaplar ve BardaklarRead moreYumurta ViyolleriRead moreSos Kap ve Kapaklar\u0131Read moreKuruyemi\u015f Kaplar\u0131Read more\u00dcst Folyo Yap\u0131\u015ft\u0131rmal\u0131 KaplarRead moreS\u00fctl\u00fc Tatl\u0131 Kaplar\u0131Read morePasta Kaplar\u0131Read more\u00d6zel \u00dcr\u00fcnler \u0130\u00e7in KaplarRead more","protected":false},"author":2,"featured_media":0,"parent":0,"menu_order":0,"comment_status":"closed","ping_status":"closed","template":"","meta":{"footnotes":""},"class_list":["post-2680","page","type-page","status-publish","hentry"],"_links":{"self":[{"href":"https:\/\/www.folyoterm.com.tr\/en\/wp-json\/wp\/v2\/pages\/2680","targetHints":{"allow":["GET"]}}],"collection":[{"href":"https:\/\/www.folyoterm.com.tr\/en\/wp-json\/wp\/v2\/pages"}],"about":[{"href":"https:\/\/www.folyoterm.com.tr\/en\/wp-json\/wp\/v2\/types\/page"}],"author":[{"embeddable":true,"href":"https:\/\/www.folyoterm.com.tr\/en\/wp-json\/wp\/v2\/users\/2"}],"replies":[{"embeddable":true,"href":"https:\/\/www.folyoterm.com.tr\/en\/wp-json\/wp\/v2\/comments?post=2680"}],"version-history":[{"count":0,"href":"https:\/\/www.folyoterm.com.tr\/en\/wp-json\/wp\/v2\/pages\/2680\/revisions"}],"wp:attachment":[{"href":"https:\/\/www.folyoterm.com.tr\/en\/wp-json\/wp\/v2\/media?parent=2680"}],"curies":[{"name":"wp","href":"https:\/\/api.w.org\/{rel}","templated":true}]}}