{"id":1096,"date":"2016-01-06T13:11:34","date_gmt":"2016-01-06T13:11:34","guid":{"rendered":"http:\/\/anpsthemes.com\/construction\/?page_id=1096"},"modified":"2025-08-14T02:14:24","modified_gmt":"2025-08-13T23:14:24","slug":"home","status":"publish","type":"page","link":"https:\/\/www.folyoterm.com.tr\/en\/","title":{"rendered":"Home"},"content":{"rendered":"<div class=\"wpb-content-wrapper\"><div class=\"vc_row wpb_row vc_row-fluid vc_custom_1453200552863\"><div class=\"wpb_column vc_column_container vc_col-md-12\"><div class=\"vc_column-inner\"><div class=\"wpb_wrapper\">\n\t\t\t\t<p class=\"rs-p-wp-fix\"><\/p>\n\t\t\t\t<sr7-module data-alias=\"home-slider\" data-id=\"2\" id=\"SR7_2_1\" class=\"rs-ov-hidden\" data-version=\"6.7.31\">\n\t\t\t\t\t<sr7-adjuster><\/sr7-adjuster>\n\t\t\t\t\t<sr7-content>\n\t\t\t\t\t\t<sr7-slide id=\"SR7_2_1-5\" data-key=\"5\">\n\t\t\t\t\t\t\t<sr7-bg id=\"SR7_2_1-5-1\" class=\"sr7-layer\"><noscript><img decoding=\"async\" src=\"https:\/\/www.folyoterm.com.tr\/wp-content\/uploads\/2025\/08\/folyoterm-anasayfa-banner-baklava-kabi-sekerleme-kabi-001.jpg\" alt=\"folyoterm-anasayfa-banner-baklava-kabi-sekerleme-kabi-001\" title=\"\"><\/noscript><\/sr7-bg>\n\t\t\t\t\t\t<\/sr7-slide>\n\t\t\t\t\t\t<sr7-slide id=\"SR7_2_1-7\" data-key=\"7\">\n\t\t\t\t\t\t\t<sr7-bg id=\"SR7_2_1-7-1\" class=\"sr7-layer\"><noscript><img decoding=\"async\" src=\"https:\/\/www.folyoterm.com.tr\/wp-content\/uploads\/2025\/08\/folyoterm-anasayfa-banner-yaspasta-kabi-kek-kabi-002.jpg\" alt=\"\" title=\"folyoterm-anasayfa-banner-yaspasta-kabi-kek-kabi-002\"><\/noscript><\/sr7-bg>\n\t\t\t\t\t\t<\/sr7-slide>\n\t\t\t\t\t\t<sr7-slide id=\"SR7_2_1-8\" data-key=\"8\">\n\t\t\t\t\t\t\t<sr7-bg id=\"SR7_2_1-8-1\" class=\"sr7-layer\"><noscript><img decoding=\"async\" src=\"https:\/\/www.folyoterm.com.tr\/wp-content\/uploads\/2025\/08\/folyoterm-anasayfa-banner-tek-kullanimlik-sos-kaplari-004.jpg\" alt=\"\" title=\"folyoterm-anasayfa-banner-tek-kullanimlik-sos-kaplari-004\"><\/noscript><\/sr7-bg>\n\t\t\t\t\t\t<\/sr7-slide>\n\t\t\t\t\t\t<sr7-slide id=\"SR7_2_1-6\" data-key=\"6\">\n\t\t\t\t\t\t<\/sr7-slide>\n\t\t\t\t\t<\/sr7-content>\n\t\t\t\t\t<image_lists style=\"display:none\">\n\t\t\t\t\t\t<img data-src=\"\/\/www.folyoterm.com.tr\/wp-content\/uploads\/2025\/08\/folyoterm-anasayfa-banner-baklava-kabi-sekerleme-kabi-001.jpg\" data-libid=\"2150\" data-lib=\"medialibrary\" alt=\"folyoterm-anasayfa-banner-baklava-kabi-sekerleme-kabi-001\" width=\"0\" height=\"0\" data-dbsrc=\"Ly93d3cuZm9seW90ZXJtLmNvbS50ci93cC1jb250ZW50L3VwbG9hZHMvMjAyNS8wOC9mb2x5b3Rlcm0tYW5hc2F5ZmEtYmFubmVyLWJha2xhdmEta2FiaS1zZWtlcmxlbWUta2FiaS0wMDEuanBn\"\/>\n\t\t\t\t\t\t<img data-src=\"\/\/www.folyoterm.com.tr\/wp-content\/uploads\/2025\/08\/folyoterm-anasayfa-banner-yaspasta-kabi-kek-kabi-002.jpg\" data-libid=\"3340\" data-lib=\"medialibrary\" title=\"folyoterm-anasayfa-banner-yaspasta-kabi-kek-kabi-002\" width=\"0\" height=\"0\" data-dbsrc=\"Ly93d3cuZm9seW90ZXJtLmNvbS50ci93cC1jb250ZW50L3VwbG9hZHMvMjAyNS8wOC9mb2x5b3Rlcm0tYW5hc2F5ZmEtYmFubmVyLXlhc3Bhc3RhLWthYmkta2VrLWthYmktMDAyLmpwZw==\"\/>\n\t\t\t\t\t\t<img data-src=\"\/\/www.folyoterm.com.tr\/wp-content\/uploads\/2025\/08\/folyoterm-anasayfa-banner-tek-kullanimlik-sos-kaplari-004.jpg\" data-libid=\"3341\" data-lib=\"medialibrary\" title=\"folyoterm-anasayfa-banner-tek-kullanimlik-sos-kaplari-004\" width=\"0\" height=\"0\" data-dbsrc=\"Ly93d3cuZm9seW90ZXJtLmNvbS50ci93cC1jb250ZW50L3VwbG9hZHMvMjAyNS8wOC9mb2x5b3Rlcm0tYW5hc2F5ZmEtYmFubmVyLXRlay1rdWxsYW5pbWxpay1zb3Mta2FwbGFyaS0wMDQuanBn\"\/>\n\t\t\t\t\t<\/image_lists>\n\t\t\t\t<\/sr7-module>\n\t\t\t\t<script>\n\t\t\t\t\tSR7.PMH ??={}; SR7.PMH[\"SR7_2_1\"] = {cn:100,state:false,fn: function() { if (_tpt!==undefined && _tpt.prepareModuleHeight !== undefined) {  _tpt.prepareModuleHeight({id:\"SR7_2_1\",el:[650,650,768,960,720],type:'standard',shdw:'0',gh:[650,650,537,408,252],gw:[1240,1240,1024,778,480],vpt:['-100px'],size:{fullWidth:true, fullHeight:false},mh:'0',onh:0,onw:0,bg:{color:'{\"orig\":\"transparent\",\"type\":\"solid\",\"string\":\"transparent\"}'},plType:'7',plColor:'#FFFFFF'});   SR7.PMH[\"SR7_2_1\"].state=true;} else if(SR7.PMH[\"SR7_2_1\"].cn-->0)\tsetTimeout( SR7.PMH[\"SR7_2_1\"].fn,19);}};SR7.PMH[\"SR7_2_1\" ].fn();\n\t\t\t\t<\/script>\n<\/div><\/div><\/div><\/div><div data-vc-full-width=\"true\" data-vc-full-width-init=\"false\" class=\"vc_row wpb_row vc_row-fluid background-image-left vc_custom_1466001507790\"><div class=\"home-icon wpb_column vc_column_container vc_col-md-2\"><div class=\"vc_column-inner\"><div class=\"wpb_wrapper\"><div class='icon icon-center'><div class='icon-header'><div class='icon-media' style='width: 100px;'><img loading=\"lazy\" decoding=\"async\" width=\"600\" height=\"600\" src=\"https:\/\/www.folyoterm.com.tr\/wp-content\/uploads\/2025\/08\/sizdirmaz.jpg\" class=\"attachment-full size-full\" alt=\"\" srcset=\"https:\/\/www.folyoterm.com.tr\/wp-content\/uploads\/2025\/08\/sizdirmaz.jpg 600w, https:\/\/www.folyoterm.com.tr\/wp-content\/uploads\/2025\/08\/sizdirmaz-300x300.jpg 300w, https:\/\/www.folyoterm.com.tr\/wp-content\/uploads\/2025\/08\/sizdirmaz-150x150.jpg 150w, https:\/\/www.folyoterm.com.tr\/wp-content\/uploads\/2025\/08\/sizdirmaz-12x12.jpg 12w, https:\/\/www.folyoterm.com.tr\/wp-content\/uploads\/2025\/08\/sizdirmaz-24x24.jpg 24w, https:\/\/www.folyoterm.com.tr\/wp-content\/uploads\/2025\/08\/sizdirmaz-36x36.jpg 36w, https:\/\/www.folyoterm.com.tr\/wp-content\/uploads\/2025\/08\/sizdirmaz-48x48.jpg 48w, https:\/\/www.folyoterm.com.tr\/wp-content\/uploads\/2025\/08\/sizdirmaz-100x100.jpg 100w\" sizes=\"(max-width: 600px) 100vw, 600px\" \/><\/i><\/div><h3 class='icon-title text-uppercase'>Leak-Proof and Cheese Containers<\/h3><\/div><p><\/p><a href='\/en\/product-category\/sizdirmaz-tasima-kaplari\/' target='_self' class='btn btn-md btn-minimal'>Read more<\/a><\/div><div class='icon icon-center'><div class='icon-header'><div class='icon-media' style='width: 100px;'><img loading=\"lazy\" decoding=\"async\" width=\"600\" height=\"600\" src=\"https:\/\/www.folyoterm.com.tr\/wp-content\/uploads\/2025\/08\/salata-kaplari-1.jpg\" class=\"attachment-full size-full\" alt=\"\" srcset=\"https:\/\/www.folyoterm.com.tr\/wp-content\/uploads\/2025\/08\/salata-kaplari-1.jpg 600w, https:\/\/www.folyoterm.com.tr\/wp-content\/uploads\/2025\/08\/salata-kaplari-1-300x300.jpg 300w, https:\/\/www.folyoterm.com.tr\/wp-content\/uploads\/2025\/08\/salata-kaplari-1-150x150.jpg 150w, https:\/\/www.folyoterm.com.tr\/wp-content\/uploads\/2025\/08\/salata-kaplari-1-12x12.jpg 12w, https:\/\/www.folyoterm.com.tr\/wp-content\/uploads\/2025\/08\/salata-kaplari-1-24x24.jpg 24w, https:\/\/www.folyoterm.com.tr\/wp-content\/uploads\/2025\/08\/salata-kaplari-1-36x36.jpg 36w, https:\/\/www.folyoterm.com.tr\/wp-content\/uploads\/2025\/08\/salata-kaplari-1-48x48.jpg 48w, https:\/\/www.folyoterm.com.tr\/wp-content\/uploads\/2025\/08\/salata-kaplari-1-100x100.jpg 100w\" sizes=\"(max-width: 600px) 100vw, 600px\" \/><\/i><\/div><h3 class='icon-title text-uppercase'>Salad and Service Containers<\/h3><\/div><p><\/p><a href='\/en\/product-category\/salata-kaplari\/' target='_self' class='btn btn-md btn-minimal'>Read more<\/a><\/div><\/div><\/div><\/div><div class=\"home-icon wpb_column vc_column_container vc_col-md-2\"><div class=\"vc_column-inner\"><div class=\"wpb_wrapper\"><div class='icon icon-center'><div class='icon-header'><div class='icon-media' style='width: 100px;'><img loading=\"lazy\" decoding=\"async\" width=\"600\" height=\"600\" src=\"https:\/\/www.folyoterm.com.tr\/wp-content\/uploads\/2025\/08\/dondurma-kabi.jpg\" class=\"attachment-full size-full\" alt=\"\" srcset=\"https:\/\/www.folyoterm.com.tr\/wp-content\/uploads\/2025\/08\/dondurma-kabi.jpg 600w, https:\/\/www.folyoterm.com.tr\/wp-content\/uploads\/2025\/08\/dondurma-kabi-300x300.jpg 300w, https:\/\/www.folyoterm.com.tr\/wp-content\/uploads\/2025\/08\/dondurma-kabi-150x150.jpg 150w, https:\/\/www.folyoterm.com.tr\/wp-content\/uploads\/2025\/08\/dondurma-kabi-12x12.jpg 12w, https:\/\/www.folyoterm.com.tr\/wp-content\/uploads\/2025\/08\/dondurma-kabi-24x24.jpg 24w, https:\/\/www.folyoterm.com.tr\/wp-content\/uploads\/2025\/08\/dondurma-kabi-36x36.jpg 36w, https:\/\/www.folyoterm.com.tr\/wp-content\/uploads\/2025\/08\/dondurma-kabi-48x48.jpg 48w, https:\/\/www.folyoterm.com.tr\/wp-content\/uploads\/2025\/08\/dondurma-kabi-100x100.jpg 100w\" sizes=\"(max-width: 600px) 100vw, 600px\" \/><\/i><\/div><h3 class='icon-title text-uppercase'>Ice Cream Containers<\/h3><\/div><p><\/p><a href='\/en\/product-category\/dondurma-kaplari\/' target='_self' class='btn btn-md btn-minimal'>Read more<\/a><\/div><div class='icon icon-center'><div class='icon-header'><div class='icon-media' style='width: 100px;'><img loading=\"lazy\" decoding=\"async\" width=\"600\" height=\"600\" src=\"https:\/\/www.folyoterm.com.tr\/wp-content\/uploads\/2025\/08\/meyve-kaplari-1.jpg\" class=\"attachment-full size-full\" alt=\"\" srcset=\"https:\/\/www.folyoterm.com.tr\/wp-content\/uploads\/2025\/08\/meyve-kaplari-1.jpg 600w, https:\/\/www.folyoterm.com.tr\/wp-content\/uploads\/2025\/08\/meyve-kaplari-1-300x300.jpg 300w, https:\/\/www.folyoterm.com.tr\/wp-content\/uploads\/2025\/08\/meyve-kaplari-1-150x150.jpg 150w, https:\/\/www.folyoterm.com.tr\/wp-content\/uploads\/2025\/08\/meyve-kaplari-1-12x12.jpg 12w, https:\/\/www.folyoterm.com.tr\/wp-content\/uploads\/2025\/08\/meyve-kaplari-1-24x24.jpg 24w, https:\/\/www.folyoterm.com.tr\/wp-content\/uploads\/2025\/08\/meyve-kaplari-1-36x36.jpg 36w, https:\/\/www.folyoterm.com.tr\/wp-content\/uploads\/2025\/08\/meyve-kaplari-1-48x48.jpg 48w, https:\/\/www.folyoterm.com.tr\/wp-content\/uploads\/2025\/08\/meyve-kaplari-1-100x100.jpg 100w\" sizes=\"(max-width: 600px) 100vw, 600px\" \/><\/i><\/div><h3 class='icon-title text-uppercase'>Fruit Punnets<\/h3><\/div><p><\/p><a href='\/en\/product-category\/meyve-kaplari\/' target='_self' class='btn btn-md btn-minimal'>Read more<\/a><\/div><\/div><\/div><\/div><div class=\"home-icon wpb_column vc_column_container vc_col-md-2\"><div class=\"vc_column-inner\"><div class=\"wpb_wrapper\"><div class='icon icon-center'><div class='icon-header'><div class='icon-media' style='width: 100px;'><img loading=\"lazy\" decoding=\"async\" width=\"600\" height=\"600\" src=\"https:\/\/www.folyoterm.com.tr\/wp-content\/uploads\/2025\/08\/bardak.jpg\" class=\"attachment-full size-full\" alt=\"\" srcset=\"https:\/\/www.folyoterm.com.tr\/wp-content\/uploads\/2025\/08\/bardak.jpg 600w, https:\/\/www.folyoterm.com.tr\/wp-content\/uploads\/2025\/08\/bardak-300x300.jpg 300w, https:\/\/www.folyoterm.com.tr\/wp-content\/uploads\/2025\/08\/bardak-150x150.jpg 150w, https:\/\/www.folyoterm.com.tr\/wp-content\/uploads\/2025\/08\/bardak-12x12.jpg 12w, https:\/\/www.folyoterm.com.tr\/wp-content\/uploads\/2025\/08\/bardak-24x24.jpg 24w, https:\/\/www.folyoterm.com.tr\/wp-content\/uploads\/2025\/08\/bardak-36x36.jpg 36w, https:\/\/www.folyoterm.com.tr\/wp-content\/uploads\/2025\/08\/bardak-48x48.jpg 48w, https:\/\/www.folyoterm.com.tr\/wp-content\/uploads\/2025\/08\/bardak-100x100.jpg 100w\" sizes=\"(max-width: 600px) 100vw, 600px\" \/><\/i><\/div><h3 class='icon-title text-uppercase'>Body Sleeve Containers and Cups<\/h3><\/div><p><\/p><a href='\/en\/product-category\/etiketli-sleevle-kaplar-ve-bardaklar\/' target='_self' class='btn btn-md btn-minimal'>Read more<\/a><\/div><div class='icon icon-center'><div class='icon-header'><div class='icon-media' style='width: 100px;'><img loading=\"lazy\" decoding=\"async\" width=\"600\" height=\"600\" src=\"https:\/\/www.folyoterm.com.tr\/wp-content\/uploads\/2025\/08\/yumurta.jpg\" class=\"attachment-full size-full\" alt=\"\" srcset=\"https:\/\/www.folyoterm.com.tr\/wp-content\/uploads\/2025\/08\/yumurta.jpg 600w, https:\/\/www.folyoterm.com.tr\/wp-content\/uploads\/2025\/08\/yumurta-300x300.jpg 300w, https:\/\/www.folyoterm.com.tr\/wp-content\/uploads\/2025\/08\/yumurta-150x150.jpg 150w, https:\/\/www.folyoterm.com.tr\/wp-content\/uploads\/2025\/08\/yumurta-12x12.jpg 12w, https:\/\/www.folyoterm.com.tr\/wp-content\/uploads\/2025\/08\/yumurta-24x24.jpg 24w, https:\/\/www.folyoterm.com.tr\/wp-content\/uploads\/2025\/08\/yumurta-36x36.jpg 36w, https:\/\/www.folyoterm.com.tr\/wp-content\/uploads\/2025\/08\/yumurta-48x48.jpg 48w, https:\/\/www.folyoterm.com.tr\/wp-content\/uploads\/2025\/08\/yumurta-100x100.jpg 100w\" sizes=\"(max-width: 600px) 100vw, 600px\" \/><\/i><\/div><h3 class='icon-title text-uppercase'>Egg Trays<\/h3><\/div><p><\/p><a href='\/en\/product-category\/yumurta-viyolleri\/' target='_self' class='btn btn-md btn-minimal'>Read more<\/a><\/div><\/div><\/div><\/div><div class=\"home-icon wpb_column vc_column_container vc_col-md-2\"><div class=\"vc_column-inner\"><div class=\"wpb_wrapper\"><div class='icon icon-center'><div class='icon-header'><div class='icon-media' style='width: 100px;'><img loading=\"lazy\" decoding=\"async\" width=\"600\" height=\"600\" src=\"https:\/\/www.folyoterm.com.tr\/wp-content\/uploads\/2025\/08\/sos-kabi.jpg\" class=\"attachment-full size-full\" alt=\"\" srcset=\"https:\/\/www.folyoterm.com.tr\/wp-content\/uploads\/2025\/08\/sos-kabi.jpg 600w, https:\/\/www.folyoterm.com.tr\/wp-content\/uploads\/2025\/08\/sos-kabi-300x300.jpg 300w, https:\/\/www.folyoterm.com.tr\/wp-content\/uploads\/2025\/08\/sos-kabi-150x150.jpg 150w, https:\/\/www.folyoterm.com.tr\/wp-content\/uploads\/2025\/08\/sos-kabi-12x12.jpg 12w, https:\/\/www.folyoterm.com.tr\/wp-content\/uploads\/2025\/08\/sos-kabi-24x24.jpg 24w, https:\/\/www.folyoterm.com.tr\/wp-content\/uploads\/2025\/08\/sos-kabi-36x36.jpg 36w, https:\/\/www.folyoterm.com.tr\/wp-content\/uploads\/2025\/08\/sos-kabi-48x48.jpg 48w, https:\/\/www.folyoterm.com.tr\/wp-content\/uploads\/2025\/08\/sos-kabi-100x100.jpg 100w\" sizes=\"(max-width: 600px) 100vw, 600px\" \/><\/i><\/div><h3 class='icon-title text-uppercase'>Sauce Containers and Lids<\/h3><\/div><p><\/p><a href='\/en\/product-category\/sos-kap-ve-kapaklari\/' target='_self' class='btn btn-md btn-minimal'>Read more<\/a><\/div><div class='icon icon-center'><div class='icon-header'><div class='icon-media' style='width: 100px;'><img loading=\"lazy\" decoding=\"async\" width=\"600\" height=\"600\" src=\"https:\/\/www.folyoterm.com.tr\/wp-content\/uploads\/2025\/08\/kuruyemis.jpg\" class=\"attachment-full size-full\" alt=\"\" srcset=\"https:\/\/www.folyoterm.com.tr\/wp-content\/uploads\/2025\/08\/kuruyemis.jpg 600w, https:\/\/www.folyoterm.com.tr\/wp-content\/uploads\/2025\/08\/kuruyemis-300x300.jpg 300w, https:\/\/www.folyoterm.com.tr\/wp-content\/uploads\/2025\/08\/kuruyemis-150x150.jpg 150w, https:\/\/www.folyoterm.com.tr\/wp-content\/uploads\/2025\/08\/kuruyemis-12x12.jpg 12w, https:\/\/www.folyoterm.com.tr\/wp-content\/uploads\/2025\/08\/kuruyemis-24x24.jpg 24w, https:\/\/www.folyoterm.com.tr\/wp-content\/uploads\/2025\/08\/kuruyemis-36x36.jpg 36w, https:\/\/www.folyoterm.com.tr\/wp-content\/uploads\/2025\/08\/kuruyemis-48x48.jpg 48w, https:\/\/www.folyoterm.com.tr\/wp-content\/uploads\/2025\/08\/kuruyemis-100x100.jpg 100w\" sizes=\"(max-width: 600px) 100vw, 600px\" \/><\/i><\/div><h3 class='icon-title text-uppercase'>Dried Fruit and Nut Containers<\/h3><\/div><p><\/p><a href='\/en\/product-category\/kuruyemis-kaplari\/' target='_self' class='btn btn-md btn-minimal'>Read more<\/a><\/div><\/div><\/div><\/div><div class=\"home-icon wpb_column vc_column_container vc_col-md-2\"><div class=\"vc_column-inner\"><div class=\"wpb_wrapper\"><div class='icon icon-center'><div class='icon-header'><div class='icon-media' style='width: 100px;'><img loading=\"lazy\" decoding=\"async\" width=\"600\" height=\"600\" src=\"https:\/\/www.folyoterm.com.tr\/wp-content\/uploads\/2025\/08\/ust-folyo-yapistirmali-1.jpg\" class=\"attachment-full size-full\" alt=\"\" srcset=\"https:\/\/www.folyoterm.com.tr\/wp-content\/uploads\/2025\/08\/ust-folyo-yapistirmali-1.jpg 600w, https:\/\/www.folyoterm.com.tr\/wp-content\/uploads\/2025\/08\/ust-folyo-yapistirmali-1-300x300.jpg 300w, https:\/\/www.folyoterm.com.tr\/wp-content\/uploads\/2025\/08\/ust-folyo-yapistirmali-1-150x150.jpg 150w, https:\/\/www.folyoterm.com.tr\/wp-content\/uploads\/2025\/08\/ust-folyo-yapistirmali-1-12x12.jpg 12w, https:\/\/www.folyoterm.com.tr\/wp-content\/uploads\/2025\/08\/ust-folyo-yapistirmali-1-24x24.jpg 24w, https:\/\/www.folyoterm.com.tr\/wp-content\/uploads\/2025\/08\/ust-folyo-yapistirmali-1-36x36.jpg 36w, https:\/\/www.folyoterm.com.tr\/wp-content\/uploads\/2025\/08\/ust-folyo-yapistirmali-1-48x48.jpg 48w, https:\/\/www.folyoterm.com.tr\/wp-content\/uploads\/2025\/08\/ust-folyo-yapistirmali-1-100x100.jpg 100w\" sizes=\"(max-width: 600px) 100vw, 600px\" \/><\/i><\/div><h3 class='icon-title text-uppercase'>Sealable and Map Food Containers<\/h3><\/div><p><\/p><a href='\/en\/product-category\/ust-folyo-yapistirmali\/' target='_self' class='btn btn-md btn-minimal'>Read more<\/a><\/div><div class='icon icon-center'><div class='icon-header'><div class='icon-media' style='width: 100px;'><img loading=\"lazy\" decoding=\"async\" width=\"600\" height=\"600\" src=\"https:\/\/www.folyoterm.com.tr\/wp-content\/uploads\/2025\/08\/sutlu-tatli.jpg\" class=\"attachment-full size-full\" alt=\"\" srcset=\"https:\/\/www.folyoterm.com.tr\/wp-content\/uploads\/2025\/08\/sutlu-tatli.jpg 600w, https:\/\/www.folyoterm.com.tr\/wp-content\/uploads\/2025\/08\/sutlu-tatli-300x300.jpg 300w, https:\/\/www.folyoterm.com.tr\/wp-content\/uploads\/2025\/08\/sutlu-tatli-150x150.jpg 150w, https:\/\/www.folyoterm.com.tr\/wp-content\/uploads\/2025\/08\/sutlu-tatli-12x12.jpg 12w, https:\/\/www.folyoterm.com.tr\/wp-content\/uploads\/2025\/08\/sutlu-tatli-24x24.jpg 24w, https:\/\/www.folyoterm.com.tr\/wp-content\/uploads\/2025\/08\/sutlu-tatli-36x36.jpg 36w, https:\/\/www.folyoterm.com.tr\/wp-content\/uploads\/2025\/08\/sutlu-tatli-48x48.jpg 48w, https:\/\/www.folyoterm.com.tr\/wp-content\/uploads\/2025\/08\/sutlu-tatli-100x100.jpg 100w\" sizes=\"(max-width: 600px) 100vw, 600px\" \/><\/i><\/div><h3 class='icon-title text-uppercase'>Dessert Containers<\/h3><\/div><p><\/p><a href='\/en\/product-category\/sutlu-tatli-kaplari\/' target='_self' class='btn btn-md btn-minimal'>Read more<\/a><\/div><\/div><\/div><\/div><div class=\"home-icon wpb_column vc_column_container vc_col-md-2\"><div class=\"vc_column-inner\"><div class=\"wpb_wrapper\"><div class='icon icon-center'><div class='icon-header'><div class='icon-media' style='width: 100px;'><img loading=\"lazy\" decoding=\"async\" width=\"600\" height=\"600\" src=\"https:\/\/www.folyoterm.com.tr\/wp-content\/uploads\/2025\/08\/pasta-kaplari-1.jpg\" class=\"attachment-full size-full\" alt=\"\" srcset=\"https:\/\/www.folyoterm.com.tr\/wp-content\/uploads\/2025\/08\/pasta-kaplari-1.jpg 600w, https:\/\/www.folyoterm.com.tr\/wp-content\/uploads\/2025\/08\/pasta-kaplari-1-300x300.jpg 300w, https:\/\/www.folyoterm.com.tr\/wp-content\/uploads\/2025\/08\/pasta-kaplari-1-150x150.jpg 150w, https:\/\/www.folyoterm.com.tr\/wp-content\/uploads\/2025\/08\/pasta-kaplari-1-12x12.jpg 12w, https:\/\/www.folyoterm.com.tr\/wp-content\/uploads\/2025\/08\/pasta-kaplari-1-24x24.jpg 24w, https:\/\/www.folyoterm.com.tr\/wp-content\/uploads\/2025\/08\/pasta-kaplari-1-36x36.jpg 36w, https:\/\/www.folyoterm.com.tr\/wp-content\/uploads\/2025\/08\/pasta-kaplari-1-48x48.jpg 48w, https:\/\/www.folyoterm.com.tr\/wp-content\/uploads\/2025\/08\/pasta-kaplari-1-100x100.jpg 100w\" sizes=\"(max-width: 600px) 100vw, 600px\" \/><\/i><\/div><h3 class='icon-title text-uppercase'>Cake Containers<\/h3><\/div><p><\/p><a href='\/en\/product-category\/pasta-kaplari\/' target='_self' class='btn btn-md btn-minimal'>Read more<\/a><\/div><div class='icon icon-center'><div class='icon-header'><div class='icon-media' style='width: 100px;'><img loading=\"lazy\" decoding=\"async\" width=\"600\" height=\"600\" src=\"https:\/\/www.folyoterm.com.tr\/wp-content\/uploads\/2025\/08\/ozel-urunler.jpg\" class=\"attachment-full size-full\" alt=\"\" srcset=\"https:\/\/www.folyoterm.com.tr\/wp-content\/uploads\/2025\/08\/ozel-urunler.jpg 600w, https:\/\/www.folyoterm.com.tr\/wp-content\/uploads\/2025\/08\/ozel-urunler-300x300.jpg 300w, https:\/\/www.folyoterm.com.tr\/wp-content\/uploads\/2025\/08\/ozel-urunler-150x150.jpg 150w, https:\/\/www.folyoterm.com.tr\/wp-content\/uploads\/2025\/08\/ozel-urunler-12x12.jpg 12w, https:\/\/www.folyoterm.com.tr\/wp-content\/uploads\/2025\/08\/ozel-urunler-24x24.jpg 24w, https:\/\/www.folyoterm.com.tr\/wp-content\/uploads\/2025\/08\/ozel-urunler-36x36.jpg 36w, https:\/\/www.folyoterm.com.tr\/wp-content\/uploads\/2025\/08\/ozel-urunler-48x48.jpg 48w, https:\/\/www.folyoterm.com.tr\/wp-content\/uploads\/2025\/08\/ozel-urunler-100x100.jpg 100w\" sizes=\"(max-width: 600px) 100vw, 600px\" \/><\/i><\/div><h3 class='icon-title text-uppercase'>Bespoke Products<\/h3><\/div><p><\/p><a href='\/en\/product-category\/ozel-urunler-icin-kaplar\/' target='_self' class='btn btn-md btn-minimal'>Read more<\/a><\/div><\/div><\/div><\/div><\/div><div class=\"vc_row-full-width vc_clearfix\"><\/div><div class=\"vc_row wpb_row vc_row-fluid\"><div class=\"wpb_column vc_column_container vc_col-md-12\"><div class=\"vc_column-inner\"><div class=\"wpb_wrapper\"><div class=\"vc_separator wpb_content_element vc_separator_align_center vc_sep_width_100 vc_sep_pos_align_center vc_separator_no_text vc_sep_color_grey wpb_content_element  wpb_content_element\" ><span class=\"vc_sep_holder vc_sep_holder_l\"><span class=\"vc_sep_line\"><\/span><\/span><span class=\"vc_sep_holder vc_sep_holder_r\"><span class=\"vc_sep_line\"><\/span><\/span>\n<\/div><\/div><\/div><\/div><\/div><div class=\"vc_row wpb_row vc_row-fluid\"><div class=\"wpb_column vc_column_container vc_col-md-4\"><div class=\"vc_column-inner\"><div class=\"wpb_wrapper\">\n\t<div class=\"wpb_text_column wpb_content_element\" >\n\t\t<div class=\"wpb_wrapper\">\n\t\t\t<div class=\"dash\">\n<h4 style=\"text-align: center;\"><span class=\"headline\">Quality Certificates and Accreditations<\/span><\/h4>\n<p style=\"text-align: center;\">Certificates and accreditations that Folyo Term has been entitled to receive to date.<\/p>\n<p style=\"text-align: center;\">Folyo Term\u2019s sheet and packaging production and services are carried out within the framework of the ISO 9001:2008 Quality Management System.<\/p>\n<\/div>\n\n\t\t<\/div>\n\t<\/div>\n<\/div><\/div><\/div><div class=\"wpb_column vc_column_container vc_col-md-4\"><div class=\"vc_column-inner\"><div class=\"wpb_wrapper\">\n\t<div  class=\"wpb_single_image wpb_content_element vc_align_center wpb_content_element\">\n\t\t\n\t\t<figure class=\"wpb_wrapper vc_figure\">\n\t\t\t<a href=\"https:\/\/www.folyoterm.com.tr\/wp-content\/uploads\/2025\/08\/BRCGS-Certificate-Folyoterm-Ambalaj-Plastik-2025.pdf\" target=\"_blank\" class=\"vc_single_image-wrapper vc_box_outline  vc_box_border_green\"><img loading=\"lazy\" decoding=\"async\" width=\"444\" height=\"352\" src=\"https:\/\/www.folyoterm.com.tr\/wp-content\/uploads\/2025\/08\/brcgs-certificate.png\" class=\"vc_single_image-img attachment-full\" alt=\"\" title=\"brcgs-certificate\" srcset=\"https:\/\/www.folyoterm.com.tr\/wp-content\/uploads\/2025\/08\/brcgs-certificate.png 444w, https:\/\/www.folyoterm.com.tr\/wp-content\/uploads\/2025\/08\/brcgs-certificate-300x238.png 300w, https:\/\/www.folyoterm.com.tr\/wp-content\/uploads\/2025\/08\/brcgs-certificate-15x12.png 15w, https:\/\/www.folyoterm.com.tr\/wp-content\/uploads\/2025\/08\/brcgs-certificate-24x19.png 24w, https:\/\/www.folyoterm.com.tr\/wp-content\/uploads\/2025\/08\/brcgs-certificate-36x29.png 36w, https:\/\/www.folyoterm.com.tr\/wp-content\/uploads\/2025\/08\/brcgs-certificate-48x38.png 48w\" sizes=\"(max-width: 444px) 100vw, 444px\" \/><\/a>\n\t\t<\/figure>\n\t<\/div>\n<\/div><\/div><\/div><div class=\"wpb_column vc_column_container vc_col-md-4\"><div class=\"vc_column-inner\"><div class=\"wpb_wrapper\">\n\t<div class=\"wpb_text_column wpb_content_element\" >\n\t\t<div class=\"wpb_wrapper\">\n\t\t\t<div class=\"dash\" style=\"text-align: center;\">\n<h4><span class=\"headline\">PRODUCT CATALOGUE<\/span><\/h4>\n<p>Browse our 2023 catalogue covering Folyo Term\u2019s entire product range.<\/p>\n<\/div>\n\n\t\t<\/div>\n\t<\/div>\n<div class=\"vc_btn3-container vc_btn3-center\"><a class=\"vc_general vc_btn3 vc_btn3-size-md vc_btn3-shape-rounded vc_btn3-style-flat vc_btn3-icon-left vc_btn3-color-success\" href=\"https:\/\/www.folyoterm.com.tr\/wp-content\/uploads\/2025\/08\/FOLYOTERM-KATALOG-2023.pdf\" title=\"\" target=\"_blank\"><i class=\"vc_btn3-icon fa fa-regular fa-file-pdf\"><\/i> Download<\/a><\/div>\n<\/div><\/div><\/div><\/div>\n<\/div>","protected":false},"excerpt":{"rendered":"S\u0131zd\u0131rmaz Ta\u015f\u0131ma Kaplar\u0131Read moreSalata Kaplar\u0131Read moreDondurma Kaplar\u0131Read moreMeyve Kaplar\u0131Read moreEtiketli & Sleevle Kaplar ve BardaklarRead moreYumurta ViyolleriRead moreSos Kap ve Kapaklar\u0131Read moreKuruyemi\u015f Kaplar\u0131Read more\u00dcst Folyo Yap\u0131\u015ft\u0131rmal\u0131 KaplarRead moreS\u00fctl\u00fc Tatl\u0131 Kaplar\u0131Read morePasta Kaplar\u0131Read more\u00d6zel \u00dcr\u00fcnler \u0130\u00e7in KaplarRead more Kalite Belgeleri ve &hellip;","protected":false},"author":1,"featured_media":0,"parent":0,"menu_order":0,"comment_status":"closed","ping_status":"closed","template":"","meta":{"footnotes":""},"class_list":["post-1096","page","type-page","status-publish","hentry"],"_links":{"self":[{"href":"https:\/\/www.folyoterm.com.tr\/en\/wp-json\/wp\/v2\/pages\/1096","targetHints":{"allow":["GET"]}}],"collection":[{"href":"https:\/\/www.folyoterm.com.tr\/en\/wp-json\/wp\/v2\/pages"}],"about":[{"href":"https:\/\/www.folyoterm.com.tr\/en\/wp-json\/wp\/v2\/types\/page"}],"author":[{"embeddable":true,"href":"https:\/\/www.folyoterm.com.tr\/en\/wp-json\/wp\/v2\/users\/1"}],"replies":[{"embeddable":true,"href":"https:\/\/www.folyoterm.com.tr\/en\/wp-json\/wp\/v2\/comments?post=1096"}],"version-history":[{"count":0,"href":"https:\/\/www.folyoterm.com.tr\/en\/wp-json\/wp\/v2\/pages\/1096\/revisions"}],"wp:attachment":[{"href":"https:\/\/www.folyoterm.com.tr\/en\/wp-json\/wp\/v2\/media?parent=1096"}],"curies":[{"name":"wp","href":"https:\/\/api.w.org\/{rel}","templated":true}]}}